{"id":2033,"date":"2025-12-29T14:10:30","date_gmt":"2025-12-29T13:10:30","guid":{"rendered":"https:\/\/katrinheinen.com\/?page_id=2033"},"modified":"2026-04-06T23:09:00","modified_gmt":"2026-04-06T21:09:00","slug":"kontakt-2","status":"publish","type":"page","link":"https:\/\/katrinheinen.com\/en\/kontakt-2\/","title":{"rendered":"Kontakt"},"content":{"rendered":"\n<div class=\"wp-block-group is-layout-constrained wp-block-group-is-layout-constrained\">\n<p style=\"margin-top:0;margin-right:0;margin-bottom:0;margin-left:0;padding-top:0;padding-right:0;padding-bottom:0;padding-left:0\"><strong>Du kannst mich erreichen unter:<\/strong><\/p>\n\n\n\n<div class=\"wp-block-buttons has-background-background-color has-background is-vertical is-content-justification-left is-layout-flex wp-container-core-buttons-is-layout-7c466f10 wp-block-buttons-is-layout-flex\" style=\"margin-top:0;margin-bottom:0;padding-top:0;padding-right:0;padding-bottom:0;padding-left:0\">\n<div class=\"wp-block-button tw-has-icon has-icon__phone\"><a class=\"wp-block-button__link has-custom-schwarz-color has-background-background-color has-text-color has-background has-link-color wp-element-button\"><svg xmlns=\"http:\/\/www.w3.org\/2000\/svg\" viewBox=\"0 0 24 24\" width=\"24\" height=\"24\" aria-hidden=\"true\" focusable=\"false\"><path d=\"M19.95 21q.45 0 .75-.3t.3-.75V15.9a.88.88 0 0 0-.225-.588 1.16 1.16 0 0 0-.575-.362l-3.45-.7a1.6 1.6 0 0 0-.712.063 1.4 1.4 0 0 0-.588.337L13.1 17a16 16 0 0 1-1.8-1.213 18 18 0 0 1-1.625-1.437 18 18 0 0 1-1.513-1.662A12 12 0 0 1 6.975 10.9L9.4 8.45q.2-.2.275-.475T9.7 7.3l-.65-3.5a.9.9 0 0 0-.325-.562A.93.93 0 0 0 8.1 3H4.05q-.45 0-.75.3t-.3.75q0 3.125 1.362 6.175t3.863 5.55 5.55 3.862T19.95 21\"><\/path><\/svg>+43-676-7134406<\/a><\/div>\n\n\n\n<div class=\"wp-block-button tw-has-icon has-icon__phone\"><a class=\"wp-block-button__link has-custom-schwarz-color has-background-background-color has-text-color has-background has-link-color wp-element-button\"><svg xmlns=\"http:\/\/www.w3.org\/2000\/svg\" viewBox=\"0 0 24 24\" width=\"24\" height=\"24\" aria-hidden=\"true\" focusable=\"false\"><path d=\"M19.95 21q.45 0 .75-.3t.3-.75V15.9a.88.88 0 0 0-.225-.588 1.16 1.16 0 0 0-.575-.362l-3.45-.7a1.6 1.6 0 0 0-.712.063 1.4 1.4 0 0 0-.588.337L13.1 17a16 16 0 0 1-1.8-1.213 18 18 0 0 1-1.625-1.437 18 18 0 0 1-1.513-1.662A12 12 0 0 1 6.975 10.9L9.4 8.45q.2-.2.275-.475T9.7 7.3l-.65-3.5a.9.9 0 0 0-.325-.562A.93.93 0 0 0 8.1 3H4.05q-.45 0-.75.3t-.3.75q0 3.125 1.362 6.175t3.863 5.55 5.55 3.862T19.95 21\"><\/path><\/svg>+49-178-5282280<\/a><\/div>\n\n\n\n<div class=\"wp-block-button tw-has-icon has-icon__mail\"><a class=\"wp-block-button__link has-custom-schwarz-color has-background-background-color has-text-color has-background has-link-color wp-element-button\"><svg xmlns=\"http:\/\/www.w3.org\/2000\/svg\" viewBox=\"0 0 24 24\" width=\"24\" height=\"24\" aria-hidden=\"true\" focusable=\"false\"><path d=\"M20 4q.825 0 1.412.588Q22 5.176 22 6v12q0 .825-.588 1.412A1.93 1.93 0 0 1 20 20H4q-.824 0-1.412-.588A1.93 1.93 0 0 1 2 18V6q0-.824.588-1.412A1.93 1.93 0 0 1 4 4zm-8 11L4 9v9h16V9zM4 7l8 6 8-6V6H4z\"><\/path><\/svg>email@katrinheinen.com<\/a><\/div>\n\n\n\n<div class=\"wp-block-button tw-has-icon has-icon__mail\"><a class=\"wp-block-button__link has-custom-schwarz-color has-background-background-color has-text-color has-background has-link-color wp-element-button\"><svg xmlns=\"http:\/\/www.w3.org\/2000\/svg\" viewBox=\"0 0 24 24\" width=\"24\" height=\"24\" aria-hidden=\"true\" focusable=\"false\"><path d=\"M20 4q.825 0 1.412.588Q22 5.176 22 6v12q0 .825-.588 1.412A1.93 1.93 0 0 1 20 20H4q-.824 0-1.412-.588A1.93 1.93 0 0 1 2 18V6q0-.824.588-1.412A1.93 1.93 0 0 1 4 4zm-8 11L4 9v9h16V9zM4 7l8 6 8-6V6H4z\"><\/path><\/svg>Glasauergasse 3\/4 in 1130 Wien<br><\/a><\/div>\n<\/div>\n<\/div>\n\n\n","protected":false},"excerpt":{"rendered":"<p>Du kannst mich erreichen unter: Oder mir \u00fcber das Kontaktformular eine Nachricht zukommen lassen: 1 Weitere Informationen erh\u00e4ltst du in der Datenschutzerkl\u00e4rung.<\/p>\n","protected":false},"author":1,"featured_media":0,"parent":0,"menu_order":0,"comment_status":"closed","ping_status":"closed","template":"","meta":{"footnotes":""},"class_list":["post-2033","page","type-page","status-publish","hentry"],"translation":{"provider":"WPGlobus","version":"3.0.2","language":"en","enabled_languages":["de","en"],"languages":{"de":{"title":true,"content":true,"excerpt":false},"en":{"title":false,"content":false,"excerpt":false}}},"_links":{"self":[{"href":"https:\/\/katrinheinen.com\/en\/wp-json\/wp\/v2\/pages\/2033","targetHints":{"allow":["GET"]}}],"collection":[{"href":"https:\/\/katrinheinen.com\/en\/wp-json\/wp\/v2\/pages"}],"about":[{"href":"https:\/\/katrinheinen.com\/en\/wp-json\/wp\/v2\/types\/page"}],"author":[{"embeddable":true,"href":"https:\/\/katrinheinen.com\/en\/wp-json\/wp\/v2\/users\/1"}],"replies":[{"embeddable":true,"href":"https:\/\/katrinheinen.com\/en\/wp-json\/wp\/v2\/comments?post=2033"}],"version-history":[{"count":8,"href":"https:\/\/katrinheinen.com\/en\/wp-json\/wp\/v2\/pages\/2033\/revisions"}],"predecessor-version":[{"id":3069,"href":"https:\/\/katrinheinen.com\/en\/wp-json\/wp\/v2\/pages\/2033\/revisions\/3069"}],"wp:attachment":[{"href":"https:\/\/katrinheinen.com\/en\/wp-json\/wp\/v2\/media?parent=2033"}],"curies":[{"name":"wp","href":"https:\/\/api.w.org\/{rel}","templated":true}]}}