{"id":2066,"date":"2025-12-29T16:53:34","date_gmt":"2025-12-29T15:53:34","guid":{"rendered":"https:\/\/katrinheinen.com\/?page_id=2066"},"modified":"2026-04-06T22:47:38","modified_gmt":"2026-04-06T20:47:38","slug":"kurse","status":"publish","type":"page","link":"https:\/\/katrinheinen.com\/en\/kurse\/","title":{"rendered":"Courses"},"content":{"rendered":"\n<div class=\"wp-block-group alignfull is-layout-flow wp-container-core-group-is-layout-910870ff wp-block-group-is-layout-flow\" style=\"margin-top:0;margin-bottom:0;padding-top:0px;padding-right:2.01rem;padding-bottom:0px;padding-left:2.01rem\">\n<p style=\"margin-top:0;margin-right:var(--wp--preset--spacing--80);margin-bottom:0;margin-left:var(--wp--preset--spacing--80);padding-top:0;padding-right:var(--wp--preset--spacing--80);padding-bottom:0;padding-left:var(--wp--preset--spacing--80)\">In einer idealen Welt w\u00fcrden folgende drei Kurse neben Lesen, Schreiben und Rechnen Teil der absolut grundlegenden Ausbildung eines jeden Sch\u00fclers sein, um ihn bestm\u00f6glich auf das Leben vorzubereiten. Das bedeutet, dass sie sich keinesfalls nur an jene richten, die dieses wertvolle Wissen gegebenenfalls einmal beruflich nutzen werden: Sie sind f\u00fcr ALLE Menschen \u00e4u\u00dferst n\u00fctzlich, die sich f\u00fcr (ihr) Human Design interessieren und es mehr ins eigene Leben und auch Miteinander integrieren m\u00f6chten!<\/p>\n\n\n\n<div style=\"height:20px\" aria-hidden=\"true\" class=\"wp-block-spacer\"><\/div>\n\n\n\n<div class=\"wp-block-group alignfull is-layout-constrained wp-block-group-is-layout-constrained\" style=\"padding-bottom:2rem\">\n<div class=\"wp-block-columns alignwide is-layout-flex wp-container-core-columns-is-layout-d0b3c9c8 wp-block-columns-is-layout-flex\">\n<div class=\"wp-block-column is-layout-flow wp-block-column-is-layout-flow\">\n<div class=\"wp-block-group alignfull is-layout-constrained wp-block-group-is-layout-constrained\">\n<div class=\"wp-block-cover alignfull wp-duotone-foreground-and-background\" style=\"padding-top:2rem;padding-right:2rem;padding-bottom:2rem;padding-left:2rem;min-height:600px;aspect-ratio:unset;\"><img loading=\"lazy\" decoding=\"async\" width=\"700\" height=\"469\" sizes=\"auto, (max-width: 799px) 200vw, (max-width: 2000px) 100vw, 2000px\" class=\"wp-block-cover__image-background wp-image-1854 size-large\" alt=\"\" src=\"https:\/\/katrinheinen.com\/wp-content\/uploads\/2022\/01\/wachsen-700x469.jpg\" data-object-fit=\"cover\" srcset=\"https:\/\/katrinheinen.com\/wp-content\/uploads\/2022\/01\/wachsen-700x469.jpg 700w, https:\/\/katrinheinen.com\/wp-content\/uploads\/2022\/01\/wachsen-300x201.jpg 300w, https:\/\/katrinheinen.com\/wp-content\/uploads\/2022\/01\/wachsen-768x514.jpg 768w, https:\/\/katrinheinen.com\/wp-content\/uploads\/2022\/01\/wachsen-1536x1028.jpg 1536w, https:\/\/katrinheinen.com\/wp-content\/uploads\/2022\/01\/wachsen-1600x1071.jpg 1600w, https:\/\/katrinheinen.com\/wp-content\/uploads\/2022\/01\/wachsen.jpg 2000w\" \/><span aria-hidden=\"true\" class=\"wp-block-cover__background has-custom-dunkelblau-background-color has-background-dim\"><\/span><div class=\"wp-block-cover__inner-container is-layout-flow wp-block-cover-is-layout-flow\">\n<div class=\"wp-block-buttons is-horizontal is-content-justification-center is-layout-flex wp-container-core-buttons-is-layout-03627597 wp-block-buttons-is-layout-flex\">\n<div class=\"wp-block-button has-custom-width wp-block-button__width-100 is-style-fill\"><a class=\"wp-block-button__link has-background-color has-custom-bright-indigo-background-color has-text-color has-background has-figtree-font-family has-gigantic-font-size has-text-align-center has-custom-font-size wp-element-button\" style=\"border-top-left-radius:0px;border-top-right-radius:0px;border-bottom-left-radius:0px;border-bottom-right-radius:0px;padding-top:var(--wp--preset--spacing--20);padding-right:var(--wp--preset--spacing--20);padding-bottom:var(--wp--preset--spacing--20);padding-left:var(--wp--preset--spacing--20)\"><strong>LYD<\/strong><\/a><\/div>\n<\/div>\n\n\n\n<div style=\"height:5px\" aria-hidden=\"true\" class=\"wp-block-spacer\"><\/div>\n\n\n<h2 class=\"wp-block-heading has-text-align-center has-background-color has-text-color has-link-color has-bestermind-font-family has-huge-font-size wp-elements-17085df9ccab0e5adb4985372a7e5bf3\" id=\"living-your-design\"><strong>Living Your Design<\/strong><\/h2>\n\n<\/div><\/div>\n\n\n\n<div class=\"wp-block-group alignfull is-style-default tw-top-shape-arc is-layout-constrained wp-container-core-group-is-layout-c385debf wp-block-group-is-layout-constrained\" style=\"min-height:450px;padding-top:var(--wp--preset--spacing--20);padding-right:var(--wp--preset--spacing--20);padding-bottom:var(--wp--preset--spacing--20);padding-left:var(--wp--preset--spacing--20)\">\n<div style=\"height:20px\" aria-hidden=\"true\" class=\"wp-block-spacer\"><\/div>\n\n\n\n<ul style=\"margin-top:0;margin-right:0;margin-bottom:0;margin-left:0;padding-top:0;padding-right:0;padding-bottom:0;padding-left:0\" class=\"wp-block-list is-style-tw-arrow has-normal-font-size\">\n<li>Die beste Empfehlung als erster Schritt nach dem Grundreading<\/li>\n\n\n\n<li>Der erste Kurs, auf dem alle anderen aufbauen<\/li>\n\n\n\n<li>Selbsterfahrung und Vertiefung des im Grundreading Geh\u00f6rten stehen im Vordergrund<\/li>\n\n\n\n<li>Ca. 12-15 Unterrichtsstunden (je nach Gruppengr\u00f6\u00dfe)<\/li>\n<\/ul>\n\n\n\n<div style=\"height:20px\" aria-hidden=\"true\" class=\"wp-block-spacer\"><\/div>\n\n\n\n<p class=\"has-text-align-center has-custom-bright-indigo-color has-text-color has-link-color has-medium-font-size wp-elements-3b4246c9af11c6a176e299f1e7b245b5\"><strong>\u20ac 350<\/strong><\/p>\n\n\n\n<div style=\"height:20px\" aria-hidden=\"true\" class=\"wp-block-spacer\"><\/div>\n\n\n\n<p class=\"has-text-align-center\">N\u00c4CHSTER KURSSTART:<\/p>\n\n\n\n<p class=\"has-text-align-center has-custom-berry-lipstick-color has-text-color has-link-color wp-elements-103866878bb96d64daf0fe64ad1749d5\">14. April 2026<\/p>\n\n\n\n<p class=\"has-text-align-center\">(dienstags von 9 bis 11 Uhr online)<\/p>\n\n\n\n<div class=\"wp-block-buttons alignfull is-horizontal is-content-justification-center is-layout-flex wp-container-core-buttons-is-layout-03627597 wp-block-buttons-is-layout-flex\"><\/div>\n\n\n<\/div>\n<\/div>\n<\/div>\n\n\n\n<div class=\"wp-block-column is-layout-flow wp-block-column-is-layout-flow\">\n<div class=\"wp-block-group alignfull is-layout-constrained wp-block-group-is-layout-constrained\">\n<div class=\"wp-block-cover alignfull wp-duotone-foreground-and-background\" style=\"padding-top:2rem;padding-right:2rem;padding-bottom:2rem;padding-left:2rem;min-height:600px;aspect-ratio:unset;\"><img loading=\"lazy\" decoding=\"async\" width=\"700\" height=\"467\" sizes=\"auto, (max-width: 799px) 200vw, (max-width: 2560px) 100vw, 2560px\" class=\"wp-block-cover__image-background wp-image-2248 size-large\" alt=\"\" src=\"https:\/\/katrinheinen.com\/wp-content\/uploads\/2026\/01\/ABC-700x467.jpg\" data-object-fit=\"cover\" srcset=\"https:\/\/katrinheinen.com\/wp-content\/uploads\/2026\/01\/ABC-700x467.jpg 700w, https:\/\/katrinheinen.com\/wp-content\/uploads\/2026\/01\/ABC-300x200.jpg 300w, https:\/\/katrinheinen.com\/wp-content\/uploads\/2026\/01\/ABC-768x512.jpg 768w, https:\/\/katrinheinen.com\/wp-content\/uploads\/2026\/01\/ABC-1536x1024.jpg 1536w, https:\/\/katrinheinen.com\/wp-content\/uploads\/2026\/01\/ABC-2048x1365.jpg 2048w\" \/><span aria-hidden=\"true\" class=\"wp-block-cover__background has-custom-dunkelblau-background-color has-background-dim\"><\/span><div class=\"wp-block-cover__inner-container is-layout-flow wp-block-cover-is-layout-flow\">\n<div class=\"wp-block-buttons is-horizontal is-content-justification-center is-layout-flex wp-container-core-buttons-is-layout-03627597 wp-block-buttons-is-layout-flex\">\n<div class=\"wp-block-button has-custom-width wp-block-button__width-100 is-style-fill\"><a class=\"wp-block-button__link has-background-color has-custom-bright-indigo-background-color has-text-color has-background has-figtree-font-family has-gigantic-font-size has-text-align-center has-custom-font-size wp-element-button\" style=\"border-top-left-radius:0px;border-top-right-radius:0px;border-bottom-left-radius:0px;border-bottom-right-radius:0px;padding-top:var(--wp--preset--spacing--20);padding-right:var(--wp--preset--spacing--20);padding-bottom:var(--wp--preset--spacing--20);padding-left:var(--wp--preset--spacing--20)\"><strong>G1<\/strong><\/a><\/div>\n<\/div>\n\n\n\n<div style=\"height:5px\" aria-hidden=\"true\" class=\"wp-block-spacer\"><\/div>\n\n\n<h2 class=\"wp-block-heading has-text-align-center has-background-color has-text-color has-link-color has-bestermind-font-family has-huge-font-size wp-elements-a9894ad5c8f388eff8c90fd04c146cea\" id=\"grundlagen-1\"><strong>Grundlagen 1<\/strong><\/h2>\n\n<h5 class=\"wp-block-heading has-text-align-center\" id=\"rave-abc\">Rave ABC<\/h5><\/div><\/div>\n\n\n\n<div class=\"wp-block-group alignfull tw-top-shape-arc is-layout-constrained wp-container-core-group-is-layout-c385debf wp-block-group-is-layout-constrained\" style=\"min-height:450px;padding-top:var(--wp--preset--spacing--20);padding-right:var(--wp--preset--spacing--20);padding-bottom:var(--wp--preset--spacing--20);padding-left:var(--wp--preset--spacing--20)\">\n<div style=\"height:20px\" aria-hidden=\"true\" class=\"wp-block-spacer\"><\/div>\n\n\n\n<ul style=\"margin-top:0;margin-right:0;margin-bottom:0;margin-left:0;padding-top:0;padding-right:0;padding-bottom:0;padding-left:0\" class=\"wp-block-list is-style-tw-arrow has-background-background-color has-background has-normal-font-size\">\n<li>Der erste offizielle Ausbildungskurs  &#8211; sozusagen das kleine Einmaleins des Human Design Systems<\/li>\n\n\n\n<li>Erlernen der wichtigsten  Grundlagen, um dein eigenes Chart und das anderer Menschen erfassen zu k\u00f6nnen (Selbsterfahrung inklusive)<\/li>\n\n\n\n<li>Ca. 18-20 Unterrichtsstunden (je nach Gruppengr\u00f6\u00dfe)<\/li>\n<\/ul>\n\n\n\n<div style=\"height:20px\" aria-hidden=\"true\" class=\"wp-block-spacer\"><\/div>\n\n\n\n<p class=\"has-text-align-center has-custom-bright-indigo-color has-text-color has-link-color has-medium-font-size wp-elements-22c2bf843310c8cf4f435d5ee10f0f2b\"><strong>\u20ac 580<\/strong><\/p>\n\n\n\n<div style=\"height:20px\" aria-hidden=\"true\" class=\"wp-block-spacer\"><\/div>\n\n\n\n<p class=\"has-text-align-center\">N\u00c4CHSTER KURSSTART:<\/p>\n\n\n\n<p class=\"has-text-align-center has-vivid-red-color has-text-color has-link-color wp-elements-7f7d2f5e3cc08f6c495ba4fe5f136fa6\">16. M\u00e4rz 2026<\/p>\n\n\n\n<p class=\"has-text-align-center\">(montags von 15 bis 18 Uhr online)<\/p>\n\n\n\n<div class=\"wp-block-buttons alignfull is-horizontal is-content-justification-center is-layout-flex wp-container-core-buttons-is-layout-03627597 wp-block-buttons-is-layout-flex\"><\/div>\n<\/div>\n<\/div>\n<\/div>\n\n\n\n<div class=\"wp-block-column is-layout-flow wp-block-column-is-layout-flow\">\n<div class=\"wp-block-group alignfull is-layout-constrained wp-block-group-is-layout-constrained\">\n<div class=\"wp-block-cover alignfull wp-duotone-foreground-and-background\" style=\"padding-top:2rem;padding-right:2rem;padding-bottom:2rem;padding-left:2rem;min-height:600px;aspect-ratio:unset;\"><img loading=\"lazy\" decoding=\"async\" width=\"700\" height=\"1050\" sizes=\"auto, (max-width: 799px) 200vw, (max-width: 1707px) 100vw, 1707px\" class=\"wp-block-cover__image-background wp-image-2251 size-large\" alt=\"\" src=\"https:\/\/katrinheinen.com\/wp-content\/uploads\/2026\/01\/Puzzlesteinchen-700x1050.jpg\" data-object-fit=\"cover\" srcset=\"https:\/\/katrinheinen.com\/wp-content\/uploads\/2026\/01\/Puzzlesteinchen-700x1050.jpg 700w, https:\/\/katrinheinen.com\/wp-content\/uploads\/2026\/01\/Puzzlesteinchen-200x300.jpg 200w, https:\/\/katrinheinen.com\/wp-content\/uploads\/2026\/01\/Puzzlesteinchen-768x1152.jpg 768w, https:\/\/katrinheinen.com\/wp-content\/uploads\/2026\/01\/Puzzlesteinchen-1024x1536.jpg 1024w, https:\/\/katrinheinen.com\/wp-content\/uploads\/2026\/01\/Puzzlesteinchen-1365x2048.jpg 1365w, https:\/\/katrinheinen.com\/wp-content\/uploads\/2026\/01\/Puzzlesteinchen-scaled.jpg 1707w\" \/><span aria-hidden=\"true\" class=\"wp-block-cover__background has-custom-dunkelblau-background-color has-background-dim\"><\/span><div class=\"wp-block-cover__inner-container is-layout-flow wp-block-cover-is-layout-flow\">\n<div class=\"wp-block-buttons is-horizontal is-content-justification-center is-layout-flex wp-container-core-buttons-is-layout-03627597 wp-block-buttons-is-layout-flex\">\n<div class=\"wp-block-button has-custom-width wp-block-button__width-100 is-style-fill\"><a class=\"wp-block-button__link has-background-color has-custom-bright-indigo-background-color has-text-color has-background has-figtree-font-family has-gigantic-font-size has-text-align-center has-custom-font-size wp-element-button\" style=\"border-top-left-radius:0px;border-top-right-radius:0px;border-bottom-left-radius:0px;border-bottom-right-radius:0px;padding-top:var(--wp--preset--spacing--20);padding-right:var(--wp--preset--spacing--20);padding-bottom:var(--wp--preset--spacing--20);padding-left:var(--wp--preset--spacing--20)\"><strong>G2<\/strong><\/a><\/div>\n<\/div>\n\n\n\n<div style=\"height:5px\" aria-hidden=\"true\" class=\"wp-block-spacer\"><\/div>\n\n\n<h2 class=\"wp-block-heading has-text-align-center has-background-color has-text-color has-link-color has-bestermind-font-family has-huge-font-size wp-elements-5f0256aeccfe66dde78ea7dae428fe50\" id=\"grundlagen-2\"><strong>Grundlagen 2<\/strong><\/h2>\n\n<h5 class=\"wp-block-heading has-text-align-center\" id=\"rave-cartography\">Rave cartography<\/h5><\/div><\/div>\n\n\n\n<div class=\"wp-block-group alignfull is-style-default tw-top-shape-arc is-layout-constrained wp-container-core-group-is-layout-c385debf wp-block-group-is-layout-constrained\" style=\"min-height:450px;padding-top:var(--wp--preset--spacing--20);padding-right:var(--wp--preset--spacing--20);padding-bottom:var(--wp--preset--spacing--20);padding-left:var(--wp--preset--spacing--20)\">\n<div style=\"height:20px\" aria-hidden=\"true\" class=\"wp-block-spacer\"><\/div>\n\n\n\n<ul style=\"margin-top:0;margin-right:0;margin-bottom:0;margin-left:0;padding-top:0;padding-right:0;padding-bottom:0;padding-left:0\" class=\"wp-block-list is-style-tw-arrow has-normal-font-size\">\n<li>Der Abschluss der Grundausbildung: Wir f\u00fcgen weitere grundlegende Bausteine hinzu, die du ben\u00f6tigst, um dir (d)ein Chart erschlie\u00dfen zu k\u00f6nnen (Selbsterfahrung inklusive)<\/li>\n\n\n\n<li>Die Grundvoraussetzung f\u00fcr die Teilnahme an vielen weiterf\u00fchrenden Kursen<\/li>\n\n\n\n<li>Ca. 40 Unterrichtsstunden (je nach Gruppengr\u00f6\u00dfe)<\/li>\n<\/ul>\n\n\n\n<div style=\"height:20px\" aria-hidden=\"true\" class=\"wp-block-spacer\"><\/div>\n\n\n\n<p class=\"has-text-align-center has-custom-bright-indigo-color has-text-color has-link-color has-medium-font-size wp-elements-05d7ffad5f7d571f014a449ee911128b\"><strong>\u20ac 1.160<\/strong><\/p>\n\n\n\n<div style=\"height:20px\" aria-hidden=\"true\" class=\"wp-block-spacer\"><\/div>\n\n\n\n<p class=\"has-text-align-center\">N\u00c4CHSTER KURSSTART:<\/p>\n\n\n\n<p class=\"has-text-align-center has-custom-berry-lipstick-color has-text-color has-link-color wp-elements-d5be0df4e5cb7743c56dfab4c69b88fb\">voraussichtlich Mai 2026<\/p>\n\n\n\n<p class=\"has-text-align-center\">(montags von 15 bis 18 Uhr online)<\/p>\n\n\n\n<div class=\"wp-block-buttons alignfull is-horizontal is-content-justification-center is-layout-flex wp-container-core-buttons-is-layout-2a874770 wp-block-buttons-is-layout-flex\" style=\"margin-top:0;margin-bottom:0;padding-top:0;padding-right:0;padding-bottom:0;padding-left:0\"><\/div>\n<\/div>\n<\/div>\n<\/div>\n<\/div>\n<\/div>\n<\/div>\n\n\n\n<div style=\"height:30px\" aria-hidden=\"true\" class=\"wp-block-spacer\"><\/div>\n\n\n\n<hr class=\"wp-block-separator has-text-color has-custom-bright-indigo-color has-alpha-channel-opacity has-custom-bright-indigo-background-color has-background is-style-tw-asterisks\" style=\"margin-top:0;margin-bottom:0\"\/>\n\n\n\n<p style=\"margin-right:var(--wp--preset--spacing--80);margin-left:var(--wp--preset--spacing--80);padding-right:var(--wp--preset--spacing--80);padding-left:var(--wp--preset--spacing--80)\">Solltest du dich f\u00fcr einen dieser Kurse interessieren, aber am angek\u00fcndigten Termin nicht teilnehmen k\u00f6nnen, melde dich gerne bei mir: <strong>Wir finden eine andere M\u00f6glichkeit! <\/strong><\/p>\n\n\n\n<p style=\"margin-right:var(--wp--preset--spacing--80);margin-left:var(--wp--preset--spacing--80);padding-top:0;padding-right:var(--wp--preset--spacing--80);padding-bottom:0;padding-left:var(--wp--preset--spacing--80)\">Die Kurse finden je nach Interesse der Teilnehmer <strong>online oder live<\/strong> in Wien bzw. Umgebung statt. Anfragen von Gruppen f\u00fcr einen Live-Termin in ihrer N\u00e4he k\u00f6nnen ebenfalls ber\u00fccksichtigt werden.<\/p>\n\n\n\n<figure class=\"wp-block-image aligncenter size-full is-resized is-style-default wp-duotone-foreground-and-background\"><img loading=\"lazy\" decoding=\"async\" width=\"400\" height=\"305\" src=\"https:\/\/katrinheinen.com\/wp-content\/uploads\/2020\/08\/IHDS-Certified-FUeR-WEBSITE-2.jpg\" alt=\"\" class=\"wp-image-444\" style=\"aspect-ratio:1;object-fit:cover;width:150px\" srcset=\"https:\/\/katrinheinen.com\/wp-content\/uploads\/2020\/08\/IHDS-Certified-FUeR-WEBSITE-2.jpg 400w, https:\/\/katrinheinen.com\/wp-content\/uploads\/2020\/08\/IHDS-Certified-FUeR-WEBSITE-2-300x229.jpg 300w\" sizes=\"auto, (max-width: 400px) 100vw, 400px\" \/><\/figure>\n\n\n\n<div style=\"height:20px\" aria-hidden=\"true\" class=\"wp-block-spacer\"><\/div>\n\n\n\n<hr class=\"wp-block-separator has-text-color has-custom-bright-indigo-color has-alpha-channel-opacity has-custom-bright-indigo-background-color has-background is-style-tw-asterisks\"\/>\n\n\n\n\n<h4 class=\"wp-block-heading has-text-align-center\" id=\"analytikerausbildung-ptl-spezialkurse-amp-bg5-grundlagenzertifizierung\">Analytiker-Ausbildung  (PTL), Spezialkurse &amp; BG5 Grundlagen\/Zertifizierung<\/h4>\n\n\n<p class=\"has-foreground-color has-text-color has-link-color wp-elements-ecc811dea76c086bca58d6fdbae63dc3\" style=\"margin-right:var(--wp--preset--spacing--80);margin-left:var(--wp--preset--spacing--80);padding-top:0;padding-right:var(--wp--preset--spacing--80);padding-bottom:0;padding-left:var(--wp--preset--spacing--80)\">Wenn du schon weiter fortgeschritten bist und dich f\u00fcr die <strong>Analytikerausbildung<\/strong>, <strong>Spezialkurse<\/strong> oder auch f\u00fcr eine <strong>Ausbildung im Business &amp; Karriere Zweig<\/strong> des Human Design Systems (<strong>BG5<\/strong>) interessierst, empfehle ich dir w\u00e4rmstens meine eigene Lehrerin, Mentorin und Supervisorin <strong>Anna Schuster<\/strong>. Nach \u00fcber 30 Jahren im Human Design bietet Anna eine \u00e4u\u00dferst fundierte, erfahrungsbasierte, erprobte und praxisorientierte Ausbildung, die auch den eigenen Prozess nicht aus den Augen verliert.<br><\/p>\n\n\n\n<div class=\"wp-block-buttons is-content-justification-center is-layout-flex wp-container-core-buttons-is-layout-a89b3969 wp-block-buttons-is-layout-flex\">\n<div class=\"wp-block-button\"><a class=\"wp-block-button__link has-background-color has-custom-berry-lipstick-background-color has-text-color has-background has-link-color has-text-align-center wp-element-button\" href=\"https:\/\/annaschuster.com\/de\/termine\/\">Annas Kursangebot<\/a><\/div>\n<\/div>\n","protected":false},"excerpt":{"rendered":"<p>In einer idealen Welt w\u00fcrden folgende drei Kurse neben Lesen, Schreiben und Rechnen Teil der absolut grundlegenden Ausbildung eines jeden Sch\u00fclers sein, um ihn bestm\u00f6glich auf das Leben vorzubereiten. Das bedeutet, dass sie sich keinesfalls nur an jene richten, die dieses wertvolle Wissen gegebenenfalls einmal beruflich nutzen werden: Sie sind f\u00fcr ALLE Menschen \u00e4u\u00dferst n\u00fctzlich, [&hellip;]<\/p>\n","protected":false},"author":1,"featured_media":842,"parent":0,"menu_order":0,"comment_status":"closed","ping_status":"closed","template":"","meta":{"footnotes":""},"class_list":["post-2066","page","type-page","status-publish","has-post-thumbnail","hentry"],"translation":{"provider":"WPGlobus","version":"3.0.2","language":"en","enabled_languages":["de","en"],"languages":{"de":{"title":true,"content":true,"excerpt":false},"en":{"title":true,"content":false,"excerpt":false}}},"_links":{"self":[{"href":"https:\/\/katrinheinen.com\/en\/wp-json\/wp\/v2\/pages\/2066","targetHints":{"allow":["GET"]}}],"collection":[{"href":"https:\/\/katrinheinen.com\/en\/wp-json\/wp\/v2\/pages"}],"about":[{"href":"https:\/\/katrinheinen.com\/en\/wp-json\/wp\/v2\/types\/page"}],"author":[{"embeddable":true,"href":"https:\/\/katrinheinen.com\/en\/wp-json\/wp\/v2\/users\/1"}],"replies":[{"embeddable":true,"href":"https:\/\/katrinheinen.com\/en\/wp-json\/wp\/v2\/comments?post=2066"}],"version-history":[{"count":10,"href":"https:\/\/katrinheinen.com\/en\/wp-json\/wp\/v2\/pages\/2066\/revisions"}],"predecessor-version":[{"id":3059,"href":"https:\/\/katrinheinen.com\/en\/wp-json\/wp\/v2\/pages\/2066\/revisions\/3059"}],"wp:featuredmedia":[{"embeddable":true,"href":"https:\/\/katrinheinen.com\/en\/wp-json\/wp\/v2\/media\/842"}],"wp:attachment":[{"href":"https:\/\/katrinheinen.com\/en\/wp-json\/wp\/v2\/media?parent=2066"}],"curies":[{"name":"wp","href":"https:\/\/api.w.org\/{rel}","templated":true}]}}