{"id":87,"date":"2020-08-07T19:37:04","date_gmt":"2020-08-07T17:37:04","guid":{"rendered":"http:\/\/katrinheinen.com\/?page_id=87"},"modified":"2025-12-29T13:51:55","modified_gmt":"2025-12-29T12:51:55","slug":"mit-human-design-und-bg5-gestaerkt-durch-die-krise","status":"publish","type":"page","link":"https:\/\/katrinheinen.com\/en\/wissenswertes-ueber-human-design-und-bg5\/mit-human-design-und-bg5-gestaerkt-durch-die-krise\/","title":{"rendered":"Gest\u00e4rkt durch die Krise"},"content":{"rendered":"\n<div class=\"alignfull wp-block-ugb-container ugb-container ugb-b5d081e ugb-container--v2 ugb-container--design-basic ugb-main-block\" id=\"\"><div class=\"ugb-inner-block\"><div class=\"ugb-block-content\"><div class=\"ugb-container__wrapper ugb-b5d081e-wrapper\"><div class=\"ugb-container__side\"><div class=\"ugb-container__content-wrapper ugb-b5d081e-content-wrapper\">\n<div class=\"alignfull wp-block-ugb-header ugb-header ugb-1effd8a ugb-header ugb-header--v3 ugb-header--design-basic ugb--restrict-content-width ugb-main-block ugb--hide-mobile ugb-main-block--inner-full ugb--has-block-background ugb--has-background-overlay\" id=\"\"><style>.ugb-1effd8a .ugb-header__item{background-color:rgba(255,255,250,0.6) !important}.ugb-1effd8a .ugb-header__item:before{background-color:#fffffa !important}.ugb-1effd8a .ugb-header__title{font-weight:bold;color:#295200}.ugb-1effd8a.ugb-header{background-color:#1a1c01;background-image:url(http:\/\/katrinheinen.com\/wp-content\/uploads\/2020\/09\/gestaerkt_durch_die_krise_warnschild.jpg)}.ugb-1effd8a{padding:0 !important}.ugb-1effd8a.ugb-header:before{background-color:#1a1c01;opacity:0}@media screen and (max-width:768px){.ugb-1effd8a .ugb-header__title{margin-bottom:-3px !important}}<\/style><div class=\"ugb-inner-block ugb-inner-block--full\"><div class=\"ugb-block-content\"><div class=\"ugb-header__item\"><div class=\"ugb-content-wrapper\"><h1 class=\"ugb-header__title\">GEST\u00c4RKT DURCH DIE KRISE<\/h1><\/div><\/div><\/div><\/div><\/div>\n\n\n\n<div class=\"alignfull wp-block-ugb-header ugb-header ugb-78cf5de ugb-header ugb-header--v3 ugb-header--design-basic ugb--restrict-content-width ugb-main-block ugb--hide-desktop ugb--hide-tablet ugb-main-block--inner-full ugb--has-block-background ugb--has-background-overlay\" id=\"\"><style>.ugb-78cf5de .ugb-header__item{background-color:rgba(255,255,250,0.6) !important}.ugb-78cf5de .ugb-header__item:before{background-color:#fffffa !important}.ugb-78cf5de .ugb-header__title{font-weight:bold;color:#295200}.ugb-78cf5de.ugb-header{background-color:#1a1c01;background-image:url(http:\/\/katrinheinen.com\/wp-content\/uploads\/2020\/09\/gestaerkt_durch_die_krise_warnschild.jpg)}.ugb-78cf5de{padding:0 !important}.ugb-78cf5de.ugb-header:before{background-color:#1a1c01;opacity:0}@media screen and (max-width:768px){.ugb-78cf5de .ugb-header__title{margin-bottom:-3px !important}}<\/style><div class=\"ugb-inner-block ugb-inner-block--full\"><div class=\"ugb-block-content\"><div class=\"ugb-header__item\"><div class=\"ugb-content-wrapper\"><h5 class=\"ugb-header__title\">GEST\u00c4RKT DURCH DIE KRISE<\/h5><\/div><\/div><\/div><\/div><\/div>\n\n\n\n<div style=\"height:30px\" aria-hidden=\"true\" class=\"wp-block-spacer\"><\/div>\n\n\n\n<h5 id=\"raus-aus-der-krise-rein-in-dein-authentisches-leben\" class=\"has-text-align-center has-quinary-color has-secondary-background-color has-text-color has-background wp-block-heading\">RAUS AUS DER KRISE, REIN IN DEIN AUTHENTISCHES LEBEN<\/h5>\n\n\n\n<div class=\"wp-block-group has-quinary-background-color has-background\"><div class=\"wp-block-group__inner-container is-layout-flow wp-block-group-is-layout-flow\">\n<p>Wir befinden uns in einer Phase, die global als Krise bezeichnet und erlebt wird. Die Welt ist im Wandel, scheint Kopf zu stehen, und unsere Gesellschaft sehnt sich nach einer Zeit zur\u00fcck, in der wir noch genau wussten, wie sie funktioniert. Die Verunsicherung ist gro\u00df und wir suchen nach einer neuen Stabilit\u00e4t und Sicherheit. Die gibt es auch, aber Du findest sie nicht im Au\u00dfen wie zum Beispiel in den Medien, wo derzeit die widerspr\u00fcchlichsten Meinungen und Aussagen kursieren.&nbsp;<\/p>\n\n\n\n<p>Soll ich? Darf ich? Was, wann, wo, wie und mit wem ist richtig f\u00fcr mich und was lass ich besser sein? Diese Fragen besitzen pl\u00f6tzlich eine v\u00f6llig neue Brisanz! Angst vor Ansteckung oder Arbeitslosigkeit, finanzielle Unsicherheit oder sogar Not, Lagerkoller, Familien- und Beziehungskrisen, Vereinsamung &#8211; der Wandel hat es in sich und er betrifft uns alle.<\/p>\n\n\n\n<p>Inmitten dieser Verunsicherung stellt sich dann ein Gef\u00fchl von Sicherheit und Stabilit\u00e4t ein, wenn Du Dich auf dich selbst verlassen kannst, wenn Du wei\u00dft, wie Du authentische, gesunde Entscheidungen f\u00fcr Dich triffst. Denn die bestimmen Deinen Weg und somit Dein Leben. &nbsp;<\/p>\n<\/div><\/div>\n\n\n\n<h5 id=\"deinem-inneren-navi-folgen\" class=\"has-text-align-center has-quinary-color has-secondary-background-color has-text-color has-background wp-block-heading\">DEINEM INNEREN NAVI FOLGEN<\/h5>\n\n\n\n<div class=\"wp-block-group has-quinary-background-color has-background\"><div class=\"wp-block-group__inner-container is-layout-flow wp-block-group-is-layout-flow\">\n<p>Was macht eine authentische Entscheidung aus? Sie richtet sich nicht nach Gepflogenheiten oder Erwartungen, wird nicht aus Angst oder aus dem Gef\u00fchl von Druck heraus gef\u00e4llt, sondern entspricht Dir, dem Menschen, der Du wirklich bist, zu einhundert Prozent. Sie h\u00e4lt Dich in der f\u00fcr Dich richtigen Spur, sorgt f\u00fcr perfektes Timing und minimiert den Widerstand, der Dir begegnet.&nbsp;<\/p>\n\n\n\n<p>Zur rechten Zeit am richtigen Ort, wie geht das? Und wie wei\u00df ich, was wirklich stimmig f\u00fcr mich ist? Der Entscheidungsprozess sieht f\u00fcr jeden von uns anders aus und Human Design und BG5 bieten Dir eine ganz pers\u00f6nliche Bedienungsanleitung, Dein individuelles Navigationssystem, mit dem Du Dich in Deinem Leben gut zurechtfinden kannst.&nbsp;<\/p>\n<\/div><\/div>\n\n\n\n<h5 id=\"der-gesunde-umgang-mit-angst-und-druck\" class=\"has-text-align-center has-quinary-color has-secondary-background-color has-text-color has-background wp-block-heading\">DER GESUNDE UMGANG MIT ANGST UND DRUCK<\/h5>\n\n\n\n<div class=\"wp-block-group has-quinary-background-color has-background\"><div class=\"wp-block-group__inner-container is-layout-flow wp-block-group-is-layout-flow\">\n<p>Angst und Druck sind oft ungebetene G\u00e4ste in unserem Leben. Wir wollen sie m\u00f6glichst schnell wieder loswerden und lassen uns daher zu \u00fcbereilten Entscheidungen verleiten, die uns nicht entsprechen und uns aus der Spur bringen. Doch in Zeiten der Krise haben sie Hochkonjunktur!&nbsp;<\/p>\n\n\n\n<p>Die einen bangen um ihre Gesundheit, die anderen sorgen sich um ihre finanzielle Sicherheit und wir alle fragen uns, wie unsere Zukunft als Gesellschaft aussehen mag. Das von Sorgen angetriebene Gedankenkarussell im Kopf dreht sich schneller und schneller, der K\u00f6rper leidet unter dem Stress der Bedrohung der eigenen Existenz.&nbsp;<\/p>\n\n\n\n<p>Angst und Druck sind Teil unseres Lebens &#8211; egal ob sie von innen oder von au\u00dfen kommen, wenn wir durch den Kontakt mit anderen Menschen mit ihnen konfrontiert werden. Human Design unterst\u00fctzt Dich dabei zu wissen, wer Du bist und wie Du tickst, was unangenehme Gedanken, Gef\u00fchle und Empfindungen in Dir ausl\u00f6st und wie Du gelassener mit ihnen umgehen kannst, ohne sie zu verleugnen. Es holt Dich raus aus dem Hamsterrad, st\u00e4rkt Dein Selbstbewusstsein und f\u00f6rdert Deine Achtsamkeit. Dir selbst und anderen gegen\u00fcber. <\/p>\n<\/div><\/div>\n<\/div><\/div><\/div><\/div><\/div><\/div>\n\n\n\n<p><\/p>\n","protected":false},"excerpt":{"rendered":"","protected":false},"author":4,"featured_media":0,"parent":113,"menu_order":1,"comment_status":"closed","ping_status":"closed","template":"","meta":{"footnotes":""},"class_list":["post-87","page","type-page","status-publish","hentry"],"translation":{"provider":"WPGlobus","version":"3.0.2","language":"en","enabled_languages":["de","en"],"languages":{"de":{"title":true,"content":true,"excerpt":false},"en":{"title":false,"content":false,"excerpt":false}}},"_links":{"self":[{"href":"https:\/\/katrinheinen.com\/en\/wp-json\/wp\/v2\/pages\/87","targetHints":{"allow":["GET"]}}],"collection":[{"href":"https:\/\/katrinheinen.com\/en\/wp-json\/wp\/v2\/pages"}],"about":[{"href":"https:\/\/katrinheinen.com\/en\/wp-json\/wp\/v2\/types\/page"}],"author":[{"embeddable":true,"href":"https:\/\/katrinheinen.com\/en\/wp-json\/wp\/v2\/users\/4"}],"replies":[{"embeddable":true,"href":"https:\/\/katrinheinen.com\/en\/wp-json\/wp\/v2\/comments?post=87"}],"version-history":[{"count":0,"href":"https:\/\/katrinheinen.com\/en\/wp-json\/wp\/v2\/pages\/87\/revisions"}],"up":[{"embeddable":true,"href":"https:\/\/katrinheinen.com\/en\/wp-json\/wp\/v2\/pages\/113"}],"wp:attachment":[{"href":"https:\/\/katrinheinen.com\/en\/wp-json\/wp\/v2\/media?parent=87"}],"curies":[{"name":"wp","href":"https:\/\/api.w.org\/{rel}","templated":true}]}}